{"id":476,"date":"2021-05-17T06:59:53","date_gmt":"2021-05-17T06:59:53","guid":{"rendered":"http:\/\/mointer.es\/inici\/"},"modified":"2022-10-19T16:21:50","modified_gmt":"2022-10-19T16:21:50","slug":"inici","status":"publish","type":"page","link":"http:\/\/mointer.es\/ca\/","title":{"rendered":"Inici"},"content":{"rendered":"\n<div class=\"inherit-container-width wp-block-group alignfull has-ast-global-color-4-background-color has-background is-layout-constrained wp-block-group-is-layout-constrained\"><div class=\"wp-block-group__inner-container\">\n<div class=\"wp-block-media-text alignfull has-media-on-the-right is-stacked-on-mobile is-vertically-aligned-center\" style=\"grid-template-columns:auto 42%\"><figure class=\"wp-block-media-text__media\"><img loading=\"lazy\" decoding=\"async\" width=\"1024\" height=\"768\" src=\"http:\/\/mointer.es\/wp-content\/uploads\/2022\/07\/Silos-1024x768.jpeg\" alt=\"\" class=\"wp-image-258 size-full\" srcset=\"http:\/\/mointer.es\/wp-content\/uploads\/2022\/07\/Silos-1024x768.jpeg 1024w, http:\/\/mointer.es\/wp-content\/uploads\/2022\/07\/Silos-300x225.jpeg 300w, http:\/\/mointer.es\/wp-content\/uploads\/2022\/07\/Silos-768x576.jpeg 768w, http:\/\/mointer.es\/wp-content\/uploads\/2022\/07\/Silos.jpeg 1066w\" sizes=\"auto, (max-width: 1024px) 100vw, 1024px\" \/><\/figure><div class=\"wp-block-media-text__content\">\n<h1 class=\"has-text-align-center wp-block-heading\">Caldereria industrial i a\u00efllaments t\u00e8rmics<\/h1>\n\n\n\n<div class=\"wp-block-buttons is-horizontal is-content-justification-center is-layout-flex wp-container-core-buttons-is-layout-03627597 wp-block-buttons-is-layout-flex\">\n<div class=\"wp-block-button\"><a class=\"wp-block-button__link\" href=\"http:\/\/mointer.es\/contact-us\/\">contacte<\/a><\/div>\n<\/div>\n<\/div><\/div>\n<\/div><\/div>\n\n<div class=\"inherit-container-width wp-block-group alignfull has-ast-global-color-3-background-color has-background is-layout-constrained wp-block-group-is-layout-constrained\"><div class=\"wp-block-group__inner-container\">\n<h2 class=\"has-white-color has-text-color wp-block-heading\">Ajudem a construir el projecte industrial que necessita amb els nostres serveis a mesura.<\/h2>\n\n\n\n<div style=\"height:30px\" aria-hidden=\"true\" class=\"wp-block-spacer\"><\/div>\n\n\n\n<div class=\"wp-block-columns alignwide is-layout-flex wp-container-core-columns-is-layout-28f84493 wp-block-columns-is-layout-flex\">\n<div class=\"wp-block-column is-layout-flow wp-block-column-is-layout-flow\">\n<h4 class=\"has-white-color has-text-color wp-block-heading\">Caldereria<\/h4>\n\n\n\n<p class=\"has-text-color\" style=\"color:#b8b8be\">Fabricaci\u00f3 de tota mena d&#8217;estructures met\u00e0l\u00b7liques amb tecnologia avan\u00e7ada en materials i soldadura.<\/p>\n<\/div>\n\n\n\n<div class=\"wp-block-column is-layout-flow wp-block-column-is-layout-flow\">\n<h4 class=\"has-white-color has-text-color wp-block-heading\">A\u00efllaments t\u00e8rmics<\/h4>\n\n\n\n<p class=\"has-text-color\" style=\"color:#b8b8be\">Per a tota mena de canonades i dip\u00f2sits. A\u00efllaments (T\u00e8rmics en llana de roca, poliuret\u00e0, armaflex\u2026)<\/p>\n<\/div>\n\n\n\n<div class=\"wp-block-column is-layout-flow wp-block-column-is-layout-flow\">\n<h4 class=\"has-white-color has-text-color wp-block-heading\">Instal\u00b7lacions industrials<\/h4>\n\n\n\n<p class=\"has-text-color\" style=\"color:#b8b8be\">Instal\u00b7laci\u00f3 i transport en dest\u00ed final de tot el que fabriquem. Projectes clau en m\u00e0. <\/p>\n<\/div>\n<\/div>\n\n\n\n<div style=\"height:60px\" aria-hidden=\"true\" class=\"wp-block-spacer\"><\/div>\n\n\n\n<div class=\"wp-block-buttons alignwide is-layout-flex wp-block-buttons-is-layout-flex\">\n<div class=\"wp-block-button\"><a class=\"wp-block-button__link\" href=\"http:\/\/mointer.es\/services\/\">Veure els nostres serveis<\/a><\/div>\n<\/div>\n<\/div><\/div>\n\n<div class=\"inherit-container-width wp-block-group alignfull has-ast-global-color-5-background-color has-background is-layout-constrained wp-block-group-is-layout-constrained\"><div class=\"wp-block-group__inner-container\">\n<div class=\"wp-block-media-text alignwide is-stacked-on-mobile is-vertically-aligned-center\"><figure class=\"wp-block-media-text__media\"><img loading=\"lazy\" decoding=\"async\" width=\"1000\" height=\"667\" src=\"https:\/\/mointer.es\/wp-content\/uploads\/2022\/07\/PLANOS.jpg\" alt=\"\" class=\"wp-image-359 size-full\" srcset=\"http:\/\/mointer.es\/wp-content\/uploads\/2022\/07\/PLANOS.jpg 1000w, http:\/\/mointer.es\/wp-content\/uploads\/2022\/07\/PLANOS-300x200.jpg 300w, http:\/\/mointer.es\/wp-content\/uploads\/2022\/07\/PLANOS-768x512.jpg 768w\" sizes=\"auto, (max-width: 1000px) 100vw, 1000px\" \/><\/figure><div class=\"wp-block-media-text__content\">\n<h4 class=\"wp-block-heading\">Projectes<\/h4>\n\n\n\n<h2 class=\"wp-block-heading\">Dels plans a la realitat.<\/h2>\n\n\n\n<p>En el nostre departament t\u00e8cnic s&#8217;elaboren els projectes. En relaci\u00f3 amb els equips a pressi\u00f3 els projectes s&#8217;executen a base de les prescripcions de la nova directiva Europea CE-97\/23 i dels codis de disseny tal com AD-*MERKBLATTER.<\/p>\n<\/div><\/div>\n\n\n\n<div style=\"height:50px\" aria-hidden=\"true\" class=\"wp-block-spacer\"><\/div>\n\n\n\n<div class=\"wp-block-media-text alignwide has-media-on-the-right is-stacked-on-mobile is-vertically-aligned-center\"><figure class=\"wp-block-media-text__media\"><img loading=\"lazy\" decoding=\"async\" width=\"1000\" height=\"563\" src=\"https:\/\/mointer.es\/wp-content\/uploads\/2022\/07\/ingenieros.jpg\" alt=\"\" class=\"wp-image-360 size-full\" srcset=\"http:\/\/mointer.es\/wp-content\/uploads\/2022\/07\/ingenieros.jpg 1000w, http:\/\/mointer.es\/wp-content\/uploads\/2022\/07\/ingenieros-300x169.jpg 300w, http:\/\/mointer.es\/wp-content\/uploads\/2022\/07\/ingenieros-768x432.jpg 768w\" sizes=\"auto, (max-width: 1000px) 100vw, 1000px\" \/><\/figure><div class=\"wp-block-media-text__content\">\n<h2 class=\"wp-block-heading\">Perqu\u00e8 nosaltres?<\/h2>\n\n\n\n<p>Actualment <strong>MOINTER<\/strong> disposa d&#8217;unes instal\u00b7lacions de 2400 m\u00b2 dotada de maquin\u00e0ria i plantilla qualificada per a la realitzaci\u00f3 dels treballs demandats pels nostres clients.<\/p>\n\n\n\n<p>Dues naus amb una altura de 8m i portes d&#8217;acc\u00e9s de 6 i 5 metres. Les naus les traviesan dos ponts grua en sentit longitudinal de 6,5T. Aquesta estructura permet manipular elements de caldereria de fins a 16 T.<\/p>\n\n\n\n<p>Consta d&#8217;un edifici d&#8217;oficines amb una superf\u00edcie de 200 m\u00b2 distribu\u00efdes en 3 plantes, on trobem: Direcci\u00f3, Administraci\u00f3, Oficina T\u00e8cnica, organitzaci\u00f3 de producci\u00f3, compres etc..<\/p>\n\n\n\n<h5 class=\"wp-block-heading\">Experi\u00e8ncia<\/h5>\n\n\n\n<h5 class=\"wp-block-heading\">Terminis de lliurament<\/h5>\n\n\n\n<h5 class=\"wp-block-heading\">Equip especialitzat<\/h5>\n<\/div><\/div>\n<\/div><\/div>\n\n<div class=\"inherit-container-width wp-block-group alignfull has-ast-global-color-4-background-color has-background is-layout-constrained wp-block-group-is-layout-constrained\"><div class=\"wp-block-group__inner-container\"><\/div><\/div>\n","protected":false},"excerpt":{"rendered":"<p>Caldereria industrial i a\u00efllaments t\u00e8rmics Ajudem a construir el projecte industrial que necessita amb els nostres serveis a mesura. Caldereria Fabricaci\u00f3 de tota mena d&#8217;estructures met\u00e0l\u00b7liques amb tecnologia avan\u00e7ada en materials i soldadura. A\u00efllaments t\u00e8rmics Per a tota mena de canonades i dip\u00f2sits. A\u00efllaments (T\u00e8rmics en llana de roca, poliuret\u00e0, armaflex\u2026) Instal\u00b7lacions industrials Instal\u00b7laci\u00f3 i [&hellip;]<\/p>\n","protected":false},"author":1,"featured_media":0,"parent":0,"menu_order":0,"comment_status":"closed","ping_status":"closed","template":"","meta":{"site-sidebar-layout":"no-sidebar","site-content-layout":"plain-container","ast-site-content-layout":"default","site-content-style":"default","site-sidebar-style":"default","ast-global-header-display":"","ast-banner-title-visibility":"","ast-main-header-display":"","ast-hfb-above-header-display":"","ast-hfb-below-header-display":"","ast-hfb-mobile-header-display":"","site-post-title":"disabled","ast-breadcrumbs-content":"","ast-featured-img":"","footer-sml-layout":"","theme-transparent-header-meta":"default","adv-header-id-meta":"","stick-header-meta":"","header-above-stick-meta":"","header-main-stick-meta":"","header-below-stick-meta":"","astra-migrate-meta-layouts":"default","ast-page-background-enabled":"default","ast-page-background-meta":{"desktop":{"background-color":"var(--ast-global-color-4)","background-image":"","background-repeat":"repeat","background-position":"center center","background-size":"auto","background-attachment":"scroll","background-type":"","background-media":"","overlay-type":"","overlay-color":"","overlay-opacity":"","overlay-gradient":""},"tablet":{"background-color":"","background-image":"","background-repeat":"repeat","background-position":"center center","background-size":"auto","background-attachment":"scroll","background-type":"","background-media":"","overlay-type":"","overlay-color":"","overlay-opacity":"","overlay-gradient":""},"mobile":{"background-color":"","background-image":"","background-repeat":"repeat","background-position":"center center","background-size":"auto","background-attachment":"scroll","background-type":"","background-media":"","overlay-type":"","overlay-color":"","overlay-opacity":"","overlay-gradient":""}},"ast-content-background-meta":{"desktop":{"background-color":"var(--ast-global-color-5)","background-image":"","background-repeat":"repeat","background-position":"center center","background-size":"auto","background-attachment":"scroll","background-type":"","background-media":"","overlay-type":"","overlay-color":"","overlay-opacity":"","overlay-gradient":""},"tablet":{"background-color":"var(--ast-global-color-5)","background-image":"","background-repeat":"repeat","background-position":"center center","background-size":"auto","background-attachment":"scroll","background-type":"","background-media":"","overlay-type":"","overlay-color":"","overlay-opacity":"","overlay-gradient":""},"mobile":{"background-color":"var(--ast-global-color-5)","background-image":"","background-repeat":"repeat","background-position":"center center","background-size":"auto","background-attachment":"scroll","background-type":"","background-media":"","overlay-type":"","overlay-color":"","overlay-opacity":"","overlay-gradient":""}},"footnotes":""},"class_list":["post-476","page","type-page","status-publish","hentry"],"_links":{"self":[{"href":"http:\/\/mointer.es\/ca\/wp-json\/wp\/v2\/pages\/476","targetHints":{"allow":["GET"]}}],"collection":[{"href":"http:\/\/mointer.es\/ca\/wp-json\/wp\/v2\/pages"}],"about":[{"href":"http:\/\/mointer.es\/ca\/wp-json\/wp\/v2\/types\/page"}],"author":[{"embeddable":true,"href":"http:\/\/mointer.es\/ca\/wp-json\/wp\/v2\/users\/1"}],"replies":[{"embeddable":true,"href":"http:\/\/mointer.es\/ca\/wp-json\/wp\/v2\/comments?post=476"}],"version-history":[{"count":3,"href":"http:\/\/mointer.es\/ca\/wp-json\/wp\/v2\/pages\/476\/revisions"}],"predecessor-version":[{"id":479,"href":"http:\/\/mointer.es\/ca\/wp-json\/wp\/v2\/pages\/476\/revisions\/479"}],"wp:attachment":[{"href":"http:\/\/mointer.es\/ca\/wp-json\/wp\/v2\/media?parent=476"}],"curies":[{"name":"wp","href":"https:\/\/api.w.org\/{rel}","templated":true}]}}